{"id":42,"date":"2022-09-27T22:01:26","date_gmt":"2022-09-28T03:01:26","guid":{"rendered":"https:\/\/wp.vunckx.be\/?page_id=42"},"modified":"2024-12-11T08:30:08","modified_gmt":"2024-12-11T14:30:08","slug":"inicio","status":"publish","type":"page","link":"https:\/\/www.susanachavez.com\/","title":{"rendered":"Inicio"},"content":{"rendered":"\n<h2 class=\"wp-block-heading\"><strong>COLECCI\u00d3N SUSANA CH\u00c1VEZ<\/strong><\/h2>\n\n\n\n<p>Susana Ch\u00e1vez, dise\u00f1adora mexicana de joyer\u00eda, ha creado piezas \u00fanicas por m\u00e1s de dos decadas. Aqu\u00ed en este sitio, podr\u00e1s encontrar una peque\u00f1a parte de nuestro colecci\u00f3n. S\u00ed deseas conocer la colecci\u00f3n de la temporada actual, <a href=\"https:\/\/www.susanachavez.com\/?page_id=45\">contactanos<\/a>.<\/p>\n\n\n\n<figure class=\"wp-block-image size-full\"><img loading=\"lazy\" decoding=\"async\" width=\"853\" height=\"783\" src=\"https:\/\/wp.vunckx.be\/wp-content\/uploads\/2022\/09\/Homepage-without-text.jpg\" alt=\"Susana Chavez\" class=\"wp-image-27\" srcset=\"https:\/\/www.susanachavez.com\/wp-content\/uploads\/2022\/09\/Homepage-without-text.jpg 853w, https:\/\/www.susanachavez.com\/wp-content\/uploads\/2022\/09\/Homepage-without-text-300x275.jpg 300w, https:\/\/www.susanachavez.com\/wp-content\/uploads\/2022\/09\/Homepage-without-text-768x705.jpg 768w\" sizes=\"auto, (max-width: 853px) 100vw, 853px\" \/><figcaption>Susana Chavez<\/figcaption><\/figure>\n","protected":false},"excerpt":{"rendered":"<p>COLECCI\u00d3N SUSANA CH\u00c1VEZ Susana Ch\u00e1vez, dise\u00f1adora mexicana de joyer\u00eda, ha creado piezas \u00fanicas por m\u00e1s de dos decadas. Aqu\u00ed en este sitio, podr\u00e1s encontrar una peque\u00f1a parte de nuestro colecci\u00f3n. S\u00ed deseas conocer la colecci\u00f3n de la temporada actual, contactanos.<\/p>\n","protected":false},"author":1,"featured_media":0,"parent":0,"menu_order":0,"comment_status":"closed","ping_status":"closed","template":"","meta":{"footnotes":""},"class_list":["post-42","page","type-page","status-publish","hentry"],"_links":{"self":[{"href":"https:\/\/www.susanachavez.com\/index.php?rest_route=\/wp\/v2\/pages\/42","targetHints":{"allow":["GET"]}}],"collection":[{"href":"https:\/\/www.susanachavez.com\/index.php?rest_route=\/wp\/v2\/pages"}],"about":[{"href":"https:\/\/www.susanachavez.com\/index.php?rest_route=\/wp\/v2\/types\/page"}],"author":[{"embeddable":true,"href":"https:\/\/www.susanachavez.com\/index.php?rest_route=\/wp\/v2\/users\/1"}],"replies":[{"embeddable":true,"href":"https:\/\/www.susanachavez.com\/index.php?rest_route=%2Fwp%2Fv2%2Fcomments&post=42"}],"version-history":[{"count":3,"href":"https:\/\/www.susanachavez.com\/index.php?rest_route=\/wp\/v2\/pages\/42\/revisions"}],"predecessor-version":[{"id":127,"href":"https:\/\/www.susanachavez.com\/index.php?rest_route=\/wp\/v2\/pages\/42\/revisions\/127"}],"wp:attachment":[{"href":"https:\/\/www.susanachavez.com\/index.php?rest_route=%2Fwp%2Fv2%2Fmedia&parent=42"}],"curies":[{"name":"wp","href":"https:\/\/api.w.org\/{rel}","templated":true}]}}